{"id":145,"date":"2017-03-22T14:11:49","date_gmt":"2017-03-22T13:11:49","guid":{"rendered":"http:\/\/immobilien-terrano.de\/\/?page_id=145"},"modified":"2017-06-15T15:03:15","modified_gmt":"2017-06-15T13:03:15","slug":"agb","status":"publish","type":"page","link":"https:\/\/immobilien-terrano.de\/?page_id=145","title":{"rendered":"AGB"},"content":{"rendered":"<div id=\"pl-145\"  class=\"panel-layout\" ><div id=\"pg-145-0\"  class=\"panel-grid panel-no-style\" ><div id=\"pgc-145-0-0\"  class=\"panel-grid-cell\" ><div id=\"panel-145-0-0-0\" class=\"so-panel widget widget_sow-editor panel-first-child panel-last-child\" data-index=\"0\" ><div\n\t\t\t\n\t\t\tclass=\"so-widget-sow-editor so-widget-sow-editor-base\"\n\t\t\t\n\t\t>\n<div class=\"siteorigin-widget-tinymce textwidget\">\n\t<h3><strong>Allgemeine Gesch\u00e4ftsbedingungen von Terrano Immobilien<\/strong><\/h3>\n<h4><strong>Vorbemerkung<\/strong><\/h4>\n<p>Die allgemeinen Gesch\u00e4ftsbedingungen sind die Grundlage f\u00fcr den Gesch\u00e4ftsverkehr mit unseren Kunden. F\u00fcr Kaufleute im Sinne des HGB gelten sie auch f\u00fcr k\u00fcnftige Gesch\u00e4ftsbeziehungen, ohne dass es einer ausdr\u00fccklichen Vereinbarung bedarf.<\/p>\n<h4><strong>\u00a71<\/strong><\/h4>\n<p>Mit der Kontaktaufnahme zu Terrano Immobilien und Aufnahme des Objektes in den Vermittlungsbestand der Terrano Immobilien kommt ein Maklervertrag zustande. Der Kunde erkennt damit die nachstehenden allgemeinen Gesch\u00e4ftsbedingungen an.<\/p>\n<h4><strong> \u00a72<\/strong><\/h4>\n<p>Wir weisen darauf hin, dass die von uns weitergegebenen Objektinformationen vom Verk\u00e4ufer bzw. von einem vom Verk\u00e4ufer beauftragten Dritten stammen. Eine Haftung f\u00fcr die Richtigkeit und Vollst\u00e4ndigkeit \u00fcbernehmen wir nicht. Die Angaben sind freibleibend und unverbindlich. Irrt\u00fcmer bleiben vorbehalten.<\/p>\n<h4><strong>\u00a73<\/strong><\/h4>\n<p>Der Makler verf\u00fcgt \u00fcber keine juristischen Fachkenntnisse. Seine Aussagen zu etwaigen Nutzungs- und Bebauungsm\u00f6glichkeiten und Erschlie\u00dfung sind somit stets unverbindlich, sofern ihnen keine bestandskr\u00e4ftigen Bescheide zugrunde liegen. Wir empfehlen dringend die \u00dcberpr\u00fcfung derartiger Fragen durch R\u00fccksprache mit den jeweils zust\u00e4ndigen Beh\u00f6rden. Unsere Angebote sind ausschlie\u00dflich f\u00fcr den Empf\u00e4nger bestimmt und vertraulich zu behandeln.<\/p>\n<h4><strong>\u00a74<\/strong><\/h4>\n<p>Die Provision wird bei Beurkundung bzw. Vertragsunterschrift f\u00e4llig und zahlbar .Der Provisionsanspruch entsteht, soweit aufgrund unseres Nachweises und\/oder durch unsere Vermittlung ein Vertrag zustande gekommen ist. Der Provisionsanspruch bleibt auch bestehen, wenn der abgeschlossene Vertrag einvernehmlich aufgehoben wird oder aufgrund eines vertraglichen R\u00fccktrittsrechts aufgel\u00f6st wird oder aufgrund aufl\u00f6sender Bedingungen erlischt. Provisionsanspruch entsteht ferner, wenn nach Zustandekommen des Maklervertrages das Objekt im Wege der Zwangsversteigerung ver\u00e4u\u00dfert wird.<\/p>\n<h4><strong>\u00a75<\/strong><\/h4>\n<p>Sollten einzelne der vorstehenden Bedingungen unwirksam sein oder werden, so wird dadurch die Wirksamkeit der anderen Bedingungen und der Bestand des Vertragsverh\u00e4ltnisses an sich nicht ber\u00fchrt. An die Stelle der unwirksamen Bedingung tritt eine im Bereich der Maklert\u00e4tigkeit in Deutschland gebr\u00e4uchliche und der zul\u00e4ssigen im wirtschaftlichen Ergebnis gleichkommende Bedingung bzw.nachrangig die gesetzlichen Vorschriften des BGB.<\/p>\n<h3>Widerufsbelehrung f\u00fcr Verbraucher<\/h3>\n<h4><strong> Widerrufsrecht<\/strong><\/h4>\n<p>Sie haben das Recht, binnen vierzehn Tagen ohne Angabe von Gr\u00fcnden diesen Vertrag zu widerrufen.<\/p>\n<p>Die Widerrufsfrist betr\u00e4gt vierzehn Tage ab dem Tag des Vertragsabschlusses.<\/p>\n<p>Um Ihr Widerrufsrecht auszu\u00fcben, m\u00fcssen Sie uns, Terrano Immobilien ,Klosterstrasse 37,16775 Gransee,Tel.03306\/2247, E-Mail kontakt@immobilien-terrano.de, mittels einer eindeutigen Erkl\u00e4rung (z.B. ein mit der Post versandter Brief, Telefax oder E-Mail) \u00fcber Ihren Entschluss, diesen Vertrag zu widerrufen, informieren.<\/p>\n<p>Zur Wahrung der Widerrufsfrist reicht es aus, dass Sie die Mitteilung \u00fcber die Aus\u00fcbung des Widerrufsrechts vor Ablauf der Widerrufsfrist absenden.<\/p>\n<h4><strong>Folgen des Widerrufs<\/strong><\/h4>\n<p>Wenn Sie diesen Vertrag widerrufen, haben wir Ihnen alle Zahlungen, die wir von Ihnen erhalten haben, einschlie\u00dflich der Lieferkosten (mit Ausnahme der zus\u00e4tzlichen Kosten, die sich daraus ergeben, dass Sie eine andere Art der Lieferung als die von uns angebotene, g\u00fcnstigste Standardlieferung gew\u00e4hlt haben), unverz\u00fcglich und sp\u00e4testens binnen vierzehn Tagen ab dem Tag zur\u00fcckzuzahlen, an dem die Mitteilung \u00fcber Ihren Widerruf dieses Vertrags bei uns eingegangen ist. F\u00fcr diese R\u00fcckzahlung verwenden wir dasselbe Zahlungsmittel, das Sie bei der urspr\u00fcnglichen Transaktion eingesetzt haben, es sei denn, mit Ihnen wurde ausdr\u00fccklich etwas anderes vereinbart; in keinem Fall werden Ihnen wegen dieser R\u00fcckzahlung Entgelte berechnet.<\/p>\n<p>Haben Sie verlangt, dass die Dienstleistungen w\u00e4hrend der Widerrufsfrist beginnen sollen, so haben Sie uns einen angemessenen Betrag zu zahlen, der dem Anteil der bis zu dem Zeitpunkt, zu dem Sie uns von der Aus\u00fcbung des Widerrufsrechts hinsichtlich dieses Vertrags unterrichten, bereits erbrachten Dienstleistungen im Vergleich zum Gesamtumfang der im Vertrag vorgesehenen Dienstleistungen entspricht.<\/p>\n<h4><strong>Besondere Hinweise<\/strong><\/h4>\n<p>Das Widerrufsrecht erlischt vorzeitig, wenn der Vertrag auf beiden Seiten auf ihren ausdr\u00fccklichen Wunsch vollst\u00e4ndig erf\u00fcllt ist , bevor Sie Ihr Widerrufsrecht ausge\u00fcbt haben.<\/p>\n<\/div>\n<\/div><\/div><\/div><\/div><\/div>","protected":false},"excerpt":{"rendered":"<p>Allgemeine Gesch\u00e4ftsbedingungen von Terrano Immobilien Vorbemerkung Die allgemeinen Gesch\u00e4ftsbedingungen sind die Grundlage f\u00fcr den Gesch\u00e4ftsverkehr mit unseren Kunden. F\u00fcr Kaufleute im Sinne des HGB gelten sie auch f\u00fcr k\u00fcnftige Gesch\u00e4ftsbeziehungen, ohne dass es einer ausdr\u00fccklichen Vereinbarung bedarf. \u00a71 Mit der Kontaktaufnahme zu Terrano Immobilien und Aufnahme des Objektes in den Vermittlungsbestand der Terrano Immobilien kommt<span class=\"read-more-wrap\"><a class=\"moretag\" href=\"https:\/\/immobilien-terrano.de\/?page_id=145\">Continue Reading <span class=\"screen-reader-text\">AGB<\/span><\/a><\/span><\/p>\n","protected":false},"author":1,"featured_media":0,"parent":0,"menu_order":0,"comment_status":"closed","ping_status":"closed","template":"","meta":[],"_links":{"self":[{"href":"https:\/\/immobilien-terrano.de\/index.php?rest_route=\/wp\/v2\/pages\/145"}],"collection":[{"href":"https:\/\/immobilien-terrano.de\/index.php?rest_route=\/wp\/v2\/pages"}],"about":[{"href":"https:\/\/immobilien-terrano.de\/index.php?rest_route=\/wp\/v2\/types\/page"}],"author":[{"embeddable":true,"href":"https:\/\/immobilien-terrano.de\/index.php?rest_route=\/wp\/v2\/users\/1"}],"replies":[{"embeddable":true,"href":"https:\/\/immobilien-terrano.de\/index.php?rest_route=%2Fwp%2Fv2%2Fcomments&post=145"}],"version-history":[{"count":13,"href":"https:\/\/immobilien-terrano.de\/index.php?rest_route=\/wp\/v2\/pages\/145\/revisions"}],"predecessor-version":[{"id":317,"href":"https:\/\/immobilien-terrano.de\/index.php?rest_route=\/wp\/v2\/pages\/145\/revisions\/317"}],"wp:attachment":[{"href":"https:\/\/immobilien-terrano.de\/index.php?rest_route=%2Fwp%2Fv2%2Fmedia&parent=145"}],"curies":[{"name":"wp","href":"https:\/\/api.w.org\/{rel}","templated":true}]}}